{"id":834,"date":"2026-03-13T09:22:24","date_gmt":"2026-03-13T08:22:24","guid":{"rendered":"https:\/\/relaxed-germain.194-164-173-239.plesk.page\/aamaef\/?page_id=834"},"modified":"2026-03-24T15:24:32","modified_gmt":"2026-03-24T14:24:32","slug":"historia-2","status":"publish","type":"page","link":"https:\/\/relaxed-germain.194-164-173-239.plesk.page\/aamaef\/ca\/historia-2\/","title":{"rendered":"Hist\u00f2ria"},"content":{"rendered":"<p><div class=\"fusion-fullwidth fullwidth-box fusion-builder-row-1 fusion-flex-container has-pattern-background has-mask-background fusion-parallax-none hundred-percent-fullwidth non-hundred-percent-height-scrolling\" style=\"--awb-border-radius-top-left:0px;--awb-border-radius-top-right:0px;--awb-border-radius-bottom-right:0px;--awb-border-radius-bottom-left:0px;--awb-padding-top:40px;--awb-padding-bottom:40px;--awb-min-height:450px;--awb-background-image:linear-gradient(180deg, rgba(0,0,0,0.6) 0%,rgba(0,0,0,0.3) 80%),url(https:\/\/relaxed-germain.194-164-173-239.plesk.page\/aamaef\/wp-content\/uploads\/2026\/03\/DE122-scaled.jpg);;--awb-background-size:cover;--awb-flex-wrap:wrap;\" ><div class=\"fusion-builder-row fusion-row fusion-flex-align-items-flex-start fusion-flex-align-content-center fusion-flex-content-wrap\" style=\"width:104% !important;max-width:104% !important;margin-left: calc(-4% \/ 2 );margin-right: calc(-4% \/ 2 );\"><div class=\"fusion-layout-column fusion_builder_column fusion-builder-column-0 fusion_builder_column_1_1 1_1 fusion-flex-column fusion-animated\" style=\"--awb-bg-size:cover;--awb-width-large:100%;--awb-margin-top-large:0px;--awb-spacing-right-large:1.92%;--awb-margin-bottom-large:20px;--awb-spacing-left-large:1.92%;--awb-width-medium:100%;--awb-order-medium:0;--awb-spacing-right-medium:1.92%;--awb-spacing-left-medium:1.92%;--awb-width-small:100%;--awb-order-small:0;--awb-spacing-right-small:1.92%;--awb-spacing-left-small:1.92%;\" data-animationType=\"fadeInDown\" data-animationDuration=\"0.6\" data-animationDelay=\"0.1\" data-animationOffset=\"top-mid-of-view\"><div class=\"fusion-column-wrapper fusion-column-has-shadow fusion-flex-justify-content-flex-start fusion-content-layout-column\"><div class=\"fusion-title title fusion-title-1 fusion-sep-none fusion-title-center fusion-title-text fusion-title-size-one\" style=\"--awb-text-color:var(--awb-color1);--awb-margin-top-small:10px;--awb-margin-right-small:0px;--awb-margin-bottom-small:10px;--awb-margin-left-small:0px;--awb-font-size:60px;\"><h1 class=\"fusion-title-heading title-heading-center\" style=\"font-family:&quot;Cormorant Garamond&quot;;font-style:normal;font-weight:700;margin:0;font-size:1em;\">Hist\u00f2ria<\/h1><\/div><div class=\"fusion-text fusion-text-1\" style=\"--awb-content-alignment:center;--awb-text-color:var(--awb-custom_color_5);\"><p>Un recorregut pel llegat arqueol\u00f2gic i cultural d&#8217;Eivissa i Formentera.<\/p>\n<\/div><\/div><\/div><\/div><\/div><div class=\"fusion-fullwidth fullwidth-box fusion-builder-row-2 fusion-flex-container has-pattern-background has-mask-background hundred-percent-fullwidth non-hundred-percent-height-scrolling fusion-animated\" style=\"--awb-border-radius-top-left:0px;--awb-border-radius-top-right:0px;--awb-border-radius-bottom-right:0px;--awb-border-radius-bottom-left:0px;--awb-padding-top:60px;--awb-padding-right:60px;--awb-padding-left:60px;--awb-margin-bottom:0px;--awb-background-color:#f6f1e9;--awb-flex-wrap:wrap;\" data-animationType=\"fadeInDown\" data-animationDuration=\"0.6\" data-animationDelay=\"0.1\" data-animationOffset=\"top-mid-of-view\" ><div class=\"fusion-builder-row fusion-row fusion-flex-align-items-flex-start fusion-flex-content-wrap\" style=\"width:104% !important;max-width:104% !important;margin-left: calc(-4% \/ 2 );margin-right: calc(-4% \/ 2 );\"><div class=\"fusion-layout-column fusion_builder_column fusion-builder-column-1 fusion_builder_column_1_1 1_1 fusion-flex-column\" style=\"--awb-bg-size:cover;--awb-width-large:100%;--awb-margin-top-large:0px;--awb-spacing-right-large:1.92%;--awb-margin-bottom-large:20px;--awb-spacing-left-large:1.92%;--awb-width-medium:100%;--awb-order-medium:0;--awb-spacing-right-medium:1.92%;--awb-spacing-left-medium:1.92%;--awb-width-small:100%;--awb-order-small:0;--awb-spacing-right-small:1.92%;--awb-spacing-left-small:1.92%;\"><div class=\"fusion-column-wrapper fusion-column-has-shadow fusion-flex-justify-content-flex-start fusion-content-layout-column\"><div class=\"fusion-title title fusion-title-2 fusion-sep-none fusion-title-center fusion-title-text fusion-title-size-one\" style=\"--awb-text-color:var(--awb-custom_color_3);--awb-margin-top-small:10px;--awb-margin-right-small:0px;--awb-margin-bottom-small:10px;--awb-margin-left-small:0px;--awb-font-size:40px;\"><h1 class=\"fusion-title-heading title-heading-center\" style=\"font-family:&quot;Cormorant Garamond&quot;;font-style:normal;font-weight:500;margin:0;font-size:1em;\"><strong>AAMAEF<\/strong><\/h1><\/div><div class=\"fusion-title title fusion-title-3 fusion-sep-none fusion-title-center fusion-title-text fusion-title-size-one\" style=\"--awb-text-color:var(--awb-custom_color_3);--awb-margin-top-small:10px;--awb-margin-right-small:-20px;--awb-margin-bottom-small:10px;--awb-margin-left-small:-20px;--awb-font-size:30px;\"><h1 class=\"fusion-title-heading title-heading-center\" style=\"font-family:&quot;Cormorant Garamond&quot;;font-style:normal;font-weight:400;margin:0;font-size:1em;\"><strong>Vivint l&#8217;arqueologia, compartint patrimoni<\/strong><\/h1><\/div><div class=\"fusion-text fusion-text-2\" style=\"--awb-content-alignment:center;--awb-text-color:var(--awb-custom_color_4);--awb-margin-right:-20px;--awb-margin-left:-20px;\"><p>L&#8217;Associaci\u00f3 d&#8217;Amics del Museu Arqueol\u00f2gic d&#8217;Eivissa i Formentera (AAMAEF)&nbsp;\u00e9s una entitat cultural sense \u00e0nim de lucre que, des de 1991, impulsa la participaci\u00f3 activa de la societat en la conservaci\u00f3 i difusi\u00f3 del patrimoni de les Piti\u00fcses.<\/p>\n<p>Amb seu en el Museu Monogr\u00e0fic del Puig donis Molins, la&nbsp;AAMAEF&nbsp;connecta el passat amb el present a trav\u00e9s de confer\u00e8ncies, seminaris, tallers per a totes les edats, visites guiades i viatges culturals per tot el m\u00f3n.<\/p>\n<p>Editem la revista anual&nbsp;Fites, publiquem estudis i col\u00b7laborem estretament amb el Museu per a acostar l&#8217;arqueologia, la hist\u00f2ria i l&#8217;art a un p\u00fablic ampli i divers.<\/p>\n<p>Les nostres activitats culturals, tallers, esdeveniments per als nostres socis m\u00e9s joves i els viatges culturals s\u00f3n nom\u00e9s una mostra d&#8217;una activitat constant que converteix el patrimoni en una experi\u00e8ncia viva.<\/p>\n<p>Perqu\u00e8 con\u00e8ixer la nostra hist\u00f2ria \u00e9s la millor manera de construir el futur.<\/p>\n<\/div><div class=\"fusion-title title fusion-title-4 fusion-sep-none fusion-title-center fusion-title-text fusion-title-size-one\" style=\"--awb-text-color:var(--awb-custom_color_3);--awb-margin-top-small:10px;--awb-margin-right-small:-20px;--awb-margin-bottom-small:10px;--awb-margin-left-small:-20px;--awb-font-size:30px;\"><h1 class=\"fusion-title-heading title-heading-center\" style=\"font-family:&quot;Cormorant Garamond&quot;;font-style:normal;font-weight:400;margin:0;font-size:1em;\"><a href=\"\/maef\/nosotros\/#formSocio\" class=\"awb-custom-text-color awb-custom-text-hover-color\" target=\"_self\"><strong>Uneix-te i forma part de la comunitat que protegeix i difon la mem\u00f2ria de les nostres illes.<\/strong><\/a><\/h1><\/div><\/div><\/div><\/div><\/div><div class=\"fusion-fullwidth fullwidth-box fusion-builder-row-3 fusion-flex-container has-pattern-background has-mask-background hundred-percent-fullwidth non-hundred-percent-height-scrolling fusion-animated\" style=\"--awb-border-radius-top-left:0px;--awb-border-radius-top-right:0px;--awb-border-radius-bottom-right:0px;--awb-border-radius-bottom-left:0px;--awb-padding-top:60px;--awb-padding-bottom:60px;--awb-background-color:#f6f1e9;--awb-flex-wrap:wrap;\" data-animationType=\"fadeInDown\" data-animationDuration=\"0.6\" data-animationDelay=\"0.1\" data-animationOffset=\"top-into-view\" ><div class=\"fusion-builder-row fusion-row fusion-flex-align-items-flex-start fusion-flex-content-wrap\" style=\"width:104% !important;max-width:104% !important;margin-left: calc(-4% \/ 2 );margin-right: calc(-4% \/ 2 );\"><div class=\"fusion-layout-column fusion_builder_column fusion-builder-column-2 fusion_builder_column_1_1 1_1 fusion-flex-column\" style=\"--awb-bg-size:cover;--awb-width-large:100%;--awb-margin-top-large:0px;--awb-spacing-right-large:1.92%;--awb-margin-bottom-large:20px;--awb-spacing-left-large:1.92%;--awb-width-medium:100%;--awb-order-medium:0;--awb-spacing-right-medium:1.92%;--awb-spacing-left-medium:1.92%;--awb-width-small:100%;--awb-order-small:0;--awb-spacing-right-small:1.92%;--awb-spacing-left-small:1.92%;\"><div class=\"fusion-column-wrapper fusion-column-has-shadow fusion-flex-justify-content-flex-start fusion-content-layout-column\"><div class=\"fusion-image-carousel fusion-image-carousel-auto fusion-image-carousel-1 lightbox-enabled\"><div class=\"awb-carousel awb-swiper awb-swiper-carousel awb-carousel--coverflow awb-swiper-dots-position-below awb-carousel--masked\" data-layout=\"coverflow\" data-autoplay=\"yes\" data-autoplayspeed=\"6000\" data-autoplaypause=\"yes\" data-columns=\"3\" data-columnsmedium=\"1\" data-columnssmall=\"1\" data-itemmargin=\"0\" data-itemwidth=\"180\" data-touchscroll=\"drag\" data-freemode=\"no\" data-imagesize=\"auto\" data-scrollitems=\"1\" data-centeredslides=\"yes\" data-rotationangle=\"60\" data-depth=\"60\" data-speed=\"1000\" data-shadow=\"no\" data-pagination=\"bullets\" style=\"--awb-columns:3;--awb-column-spacing:0px;--awb-dots-color:var(--awb-color3);--awb-dots-active-color:var(--awb-color5);--awb-dots-spacing:6px;--awb-dots-margin-top:24px;--awb-dots-align:center;\"><div class=\"swiper-wrapper awb-image-carousel-wrapper fusion-flex-align-items-center\"><div class=\"swiper-slide\"><div class=\"fusion-carousel-item-wrapper\"><div class=\"fusion-image-wrapper hover-type-none\"><img decoding=\"async\" width=\"2560\" height=\"1708\" src=\"https:\/\/relaxed-germain.194-164-173-239.plesk.page\/aamaef\/wp-content\/uploads\/2026\/03\/DSC_0563-1-scaled.jpg\" class=\"attachment-full size-full\" alt=\"\" srcset=\"https:\/\/relaxed-germain.194-164-173-239.plesk.page\/aamaef\/wp-content\/uploads\/2026\/03\/DSC_0563-1-200x133.jpg 200w, https:\/\/relaxed-germain.194-164-173-239.plesk.page\/aamaef\/wp-content\/uploads\/2026\/03\/DSC_0563-1-400x267.jpg 400w, https:\/\/relaxed-germain.194-164-173-239.plesk.page\/aamaef\/wp-content\/uploads\/2026\/03\/DSC_0563-1-600x400.jpg 600w, https:\/\/relaxed-germain.194-164-173-239.plesk.page\/aamaef\/wp-content\/uploads\/2026\/03\/DSC_0563-1-800x534.jpg 800w, https:\/\/relaxed-germain.194-164-173-239.plesk.page\/aamaef\/wp-content\/uploads\/2026\/03\/DSC_0563-1-1200x801.jpg 1200w, https:\/\/relaxed-germain.194-164-173-239.plesk.page\/aamaef\/wp-content\/uploads\/2026\/03\/DSC_0563-1-scaled.jpg 2560w\" sizes=\"(min-width: 2200px) 100vw, (min-width: 784px) 400px, (min-width: 712px) 600px, (min-width: 640px) 712px, \" \/><\/div><\/div><\/div><div class=\"swiper-slide\"><div class=\"fusion-carousel-item-wrapper\"><div class=\"fusion-image-wrapper hover-type-none\"><img decoding=\"async\" width=\"2560\" height=\"1707\" src=\"https:\/\/relaxed-germain.194-164-173-239.plesk.page\/aamaef\/wp-content\/uploads\/2026\/03\/DE180-1-scaled.jpg\" class=\"attachment-full size-full\" alt=\"\" srcset=\"https:\/\/relaxed-germain.194-164-173-239.plesk.page\/aamaef\/wp-content\/uploads\/2026\/03\/DE180-1-200x133.jpg 200w, https:\/\/relaxed-germain.194-164-173-239.plesk.page\/aamaef\/wp-content\/uploads\/2026\/03\/DE180-1-400x267.jpg 400w, https:\/\/relaxed-germain.194-164-173-239.plesk.page\/aamaef\/wp-content\/uploads\/2026\/03\/DE180-1-600x400.jpg 600w, https:\/\/relaxed-germain.194-164-173-239.plesk.page\/aamaef\/wp-content\/uploads\/2026\/03\/DE180-1-800x533.jpg 800w, https:\/\/relaxed-germain.194-164-173-239.plesk.page\/aamaef\/wp-content\/uploads\/2026\/03\/DE180-1-1200x800.jpg 1200w, https:\/\/relaxed-germain.194-164-173-239.plesk.page\/aamaef\/wp-content\/uploads\/2026\/03\/DE180-1-scaled.jpg 2560w\" sizes=\"(min-width: 2200px) 100vw, (min-width: 784px) 400px, (min-width: 712px) 600px, (min-width: 640px) 712px, \" \/><\/div><\/div><\/div><div class=\"swiper-slide\"><div class=\"fusion-carousel-item-wrapper\"><div class=\"fusion-image-wrapper hover-type-none\"><img decoding=\"async\" width=\"1080\" height=\"720\" src=\"https:\/\/relaxed-germain.194-164-173-239.plesk.page\/aamaef\/wp-content\/uploads\/2026\/03\/IMG_0619.jpg\" class=\"attachment-full size-full\" alt=\"\" srcset=\"https:\/\/relaxed-germain.194-164-173-239.plesk.page\/aamaef\/wp-content\/uploads\/2026\/03\/IMG_0619-200x133.jpg 200w, https:\/\/relaxed-germain.194-164-173-239.plesk.page\/aamaef\/wp-content\/uploads\/2026\/03\/IMG_0619-400x267.jpg 400w, https:\/\/relaxed-germain.194-164-173-239.plesk.page\/aamaef\/wp-content\/uploads\/2026\/03\/IMG_0619-600x400.jpg 600w, https:\/\/relaxed-germain.194-164-173-239.plesk.page\/aamaef\/wp-content\/uploads\/2026\/03\/IMG_0619-800x533.jpg 800w, https:\/\/relaxed-germain.194-164-173-239.plesk.page\/aamaef\/wp-content\/uploads\/2026\/03\/IMG_0619.jpg 1080w\" sizes=\"(min-width: 2200px) 100vw, (min-width: 784px) 400px, (min-width: 712px) 600px, (min-width: 640px) 712px, \" \/><\/div><\/div><\/div><div class=\"swiper-slide\"><div class=\"fusion-carousel-item-wrapper\"><div class=\"fusion-image-wrapper hover-type-none\"><img decoding=\"async\" width=\"2560\" height=\"1707\" src=\"https:\/\/relaxed-germain.194-164-173-239.plesk.page\/aamaef\/wp-content\/uploads\/2026\/03\/DE123-1-scaled.jpg\" class=\"attachment-full size-full\" alt=\"\" srcset=\"https:\/\/relaxed-germain.194-164-173-239.plesk.page\/aamaef\/wp-content\/uploads\/2026\/03\/DE123-1-200x133.jpg 200w, https:\/\/relaxed-germain.194-164-173-239.plesk.page\/aamaef\/wp-content\/uploads\/2026\/03\/DE123-1-400x267.jpg 400w, https:\/\/relaxed-germain.194-164-173-239.plesk.page\/aamaef\/wp-content\/uploads\/2026\/03\/DE123-1-600x400.jpg 600w, https:\/\/relaxed-germain.194-164-173-239.plesk.page\/aamaef\/wp-content\/uploads\/2026\/03\/DE123-1-800x533.jpg 800w, https:\/\/relaxed-germain.194-164-173-239.plesk.page\/aamaef\/wp-content\/uploads\/2026\/03\/DE123-1-1200x800.jpg 1200w, https:\/\/relaxed-germain.194-164-173-239.plesk.page\/aamaef\/wp-content\/uploads\/2026\/03\/DE123-1-scaled.jpg 2560w\" sizes=\"(min-width: 2200px) 100vw, (min-width: 784px) 400px, (min-width: 712px) 600px, (min-width: 640px) 712px, \" \/><\/div><\/div><\/div><div class=\"swiper-slide\"><div class=\"fusion-carousel-item-wrapper\"><div class=\"fusion-image-wrapper hover-type-none\"><img decoding=\"async\" width=\"2560\" height=\"1707\" src=\"https:\/\/relaxed-germain.194-164-173-239.plesk.page\/aamaef\/wp-content\/uploads\/2026\/03\/IMG_8270-scaled.jpg\" class=\"attachment-full size-full\" alt=\"\" srcset=\"https:\/\/relaxed-germain.194-164-173-239.plesk.page\/aamaef\/wp-content\/uploads\/2026\/03\/IMG_8270-200x133.jpg 200w, https:\/\/relaxed-germain.194-164-173-239.plesk.page\/aamaef\/wp-content\/uploads\/2026\/03\/IMG_8270-400x267.jpg 400w, https:\/\/relaxed-germain.194-164-173-239.plesk.page\/aamaef\/wp-content\/uploads\/2026\/03\/IMG_8270-600x400.jpg 600w, https:\/\/relaxed-germain.194-164-173-239.plesk.page\/aamaef\/wp-content\/uploads\/2026\/03\/IMG_8270-800x533.jpg 800w, https:\/\/relaxed-germain.194-164-173-239.plesk.page\/aamaef\/wp-content\/uploads\/2026\/03\/IMG_8270-1200x800.jpg 1200w, https:\/\/relaxed-germain.194-164-173-239.plesk.page\/aamaef\/wp-content\/uploads\/2026\/03\/IMG_8270-scaled.jpg 2560w\" sizes=\"(min-width: 2200px) 100vw, (min-width: 784px) 400px, (min-width: 712px) 600px, (min-width: 640px) 712px, \" \/><\/div><\/div><\/div><div class=\"swiper-slide\"><div class=\"fusion-carousel-item-wrapper\"><div class=\"fusion-image-wrapper hover-type-none\"><img decoding=\"async\" width=\"2560\" height=\"1707\" src=\"https:\/\/relaxed-germain.194-164-173-239.plesk.page\/aamaef\/wp-content\/uploads\/2026\/03\/IMG_9374-scaled.jpg\" class=\"attachment-full size-full\" alt=\"\" srcset=\"https:\/\/relaxed-germain.194-164-173-239.plesk.page\/aamaef\/wp-content\/uploads\/2026\/03\/IMG_9374-200x133.jpg 200w, https:\/\/relaxed-germain.194-164-173-239.plesk.page\/aamaef\/wp-content\/uploads\/2026\/03\/IMG_9374-400x267.jpg 400w, https:\/\/relaxed-germain.194-164-173-239.plesk.page\/aamaef\/wp-content\/uploads\/2026\/03\/IMG_9374-600x400.jpg 600w, https:\/\/relaxed-germain.194-164-173-239.plesk.page\/aamaef\/wp-content\/uploads\/2026\/03\/IMG_9374-800x533.jpg 800w, https:\/\/relaxed-germain.194-164-173-239.plesk.page\/aamaef\/wp-content\/uploads\/2026\/03\/IMG_9374-1200x800.jpg 1200w, https:\/\/relaxed-germain.194-164-173-239.plesk.page\/aamaef\/wp-content\/uploads\/2026\/03\/IMG_9374-scaled.jpg 2560w\" sizes=\"(min-width: 2200px) 100vw, (min-width: 784px) 400px, (min-width: 712px) 600px, (min-width: 640px) 712px, \" \/><\/div><\/div><\/div><div class=\"swiper-slide\"><div class=\"fusion-carousel-item-wrapper\"><div class=\"fusion-image-wrapper hover-type-none\"><img decoding=\"async\" width=\"2560\" height=\"1707\" src=\"https:\/\/relaxed-germain.194-164-173-239.plesk.page\/aamaef\/wp-content\/uploads\/2026\/03\/IMG_9422-scaled.jpg\" class=\"attachment-full size-full\" alt=\"\" srcset=\"https:\/\/relaxed-germain.194-164-173-239.plesk.page\/aamaef\/wp-content\/uploads\/2026\/03\/IMG_9422-200x133.jpg 200w, https:\/\/relaxed-germain.194-164-173-239.plesk.page\/aamaef\/wp-content\/uploads\/2026\/03\/IMG_9422-400x267.jpg 400w, https:\/\/relaxed-germain.194-164-173-239.plesk.page\/aamaef\/wp-content\/uploads\/2026\/03\/IMG_9422-600x400.jpg 600w, https:\/\/relaxed-germain.194-164-173-239.plesk.page\/aamaef\/wp-content\/uploads\/2026\/03\/IMG_9422-800x533.jpg 800w, https:\/\/relaxed-germain.194-164-173-239.plesk.page\/aamaef\/wp-content\/uploads\/2026\/03\/IMG_9422-1200x800.jpg 1200w, https:\/\/relaxed-germain.194-164-173-239.plesk.page\/aamaef\/wp-content\/uploads\/2026\/03\/IMG_9422-scaled.jpg 2560w\" sizes=\"(min-width: 2200px) 100vw, (min-width: 784px) 400px, (min-width: 712px) 600px, (min-width: 640px) 712px, \" \/><\/div><\/div><\/div><div class=\"swiper-slide\"><div class=\"fusion-carousel-item-wrapper\"><div class=\"fusion-image-wrapper hover-type-none\"><img decoding=\"async\" width=\"2560\" height=\"1707\" src=\"https:\/\/relaxed-germain.194-164-173-239.plesk.page\/aamaef\/wp-content\/uploads\/2026\/03\/DE020-scaled.jpg\" class=\"attachment-full size-full\" alt=\"\" srcset=\"https:\/\/relaxed-germain.194-164-173-239.plesk.page\/aamaef\/wp-content\/uploads\/2026\/03\/DE020-200x133.jpg 200w, https:\/\/relaxed-germain.194-164-173-239.plesk.page\/aamaef\/wp-content\/uploads\/2026\/03\/DE020-400x267.jpg 400w, https:\/\/relaxed-germain.194-164-173-239.plesk.page\/aamaef\/wp-content\/uploads\/2026\/03\/DE020-600x400.jpg 600w, https:\/\/relaxed-germain.194-164-173-239.plesk.page\/aamaef\/wp-content\/uploads\/2026\/03\/DE020-800x533.jpg 800w, https:\/\/relaxed-germain.194-164-173-239.plesk.page\/aamaef\/wp-content\/uploads\/2026\/03\/DE020-1200x800.jpg 1200w, https:\/\/relaxed-germain.194-164-173-239.plesk.page\/aamaef\/wp-content\/uploads\/2026\/03\/DE020-scaled.jpg 2560w\" sizes=\"(min-width: 2200px) 100vw, (min-width: 784px) 400px, (min-width: 712px) 600px, (min-width: 640px) 712px, \" \/><\/div><\/div><\/div><div class=\"swiper-slide\"><div class=\"fusion-carousel-item-wrapper\"><div class=\"fusion-image-wrapper hover-type-none\"><img decoding=\"async\" width=\"2560\" height=\"1707\" src=\"https:\/\/relaxed-germain.194-164-173-239.plesk.page\/aamaef\/wp-content\/uploads\/2026\/03\/DE031-scaled.jpg\" class=\"attachment-full size-full\" alt=\"\" srcset=\"https:\/\/relaxed-germain.194-164-173-239.plesk.page\/aamaef\/wp-content\/uploads\/2026\/03\/DE031-200x133.jpg 200w, https:\/\/relaxed-germain.194-164-173-239.plesk.page\/aamaef\/wp-content\/uploads\/2026\/03\/DE031-400x267.jpg 400w, https:\/\/relaxed-germain.194-164-173-239.plesk.page\/aamaef\/wp-content\/uploads\/2026\/03\/DE031-600x400.jpg 600w, https:\/\/relaxed-germain.194-164-173-239.plesk.page\/aamaef\/wp-content\/uploads\/2026\/03\/DE031-800x533.jpg 800w, https:\/\/relaxed-germain.194-164-173-239.plesk.page\/aamaef\/wp-content\/uploads\/2026\/03\/DE031-1200x800.jpg 1200w, https:\/\/relaxed-germain.194-164-173-239.plesk.page\/aamaef\/wp-content\/uploads\/2026\/03\/DE031-scaled.jpg 2560w\" sizes=\"(min-width: 2200px) 100vw, (min-width: 784px) 400px, (min-width: 712px) 600px, (min-width: 640px) 712px, \" \/><\/div><\/div><\/div><div class=\"swiper-slide\"><div class=\"fusion-carousel-item-wrapper\"><div class=\"fusion-image-wrapper hover-type-none\"><img decoding=\"async\" width=\"2560\" height=\"1707\" src=\"https:\/\/relaxed-germain.194-164-173-239.plesk.page\/aamaef\/wp-content\/uploads\/2026\/03\/DE078-scaled.jpg\" class=\"attachment-full size-full\" alt=\"\" srcset=\"https:\/\/relaxed-germain.194-164-173-239.plesk.page\/aamaef\/wp-content\/uploads\/2026\/03\/DE078-200x133.jpg 200w, https:\/\/relaxed-germain.194-164-173-239.plesk.page\/aamaef\/wp-content\/uploads\/2026\/03\/DE078-400x267.jpg 400w, https:\/\/relaxed-germain.194-164-173-239.plesk.page\/aamaef\/wp-content\/uploads\/2026\/03\/DE078-600x400.jpg 600w, https:\/\/relaxed-germain.194-164-173-239.plesk.page\/aamaef\/wp-content\/uploads\/2026\/03\/DE078-800x533.jpg 800w, https:\/\/relaxed-germain.194-164-173-239.plesk.page\/aamaef\/wp-content\/uploads\/2026\/03\/DE078-1200x800.jpg 1200w, https:\/\/relaxed-germain.194-164-173-239.plesk.page\/aamaef\/wp-content\/uploads\/2026\/03\/DE078-scaled.jpg 2560w\" sizes=\"(min-width: 2200px) 100vw, (min-width: 784px) 400px, (min-width: 712px) 600px, (min-width: 640px) 712px, \" \/><\/div><\/div><\/div><\/div><\/div><\/div><\/div><\/div><\/div><\/div><\/p>\n","protected":false},"excerpt":{"rendered":"","protected":false},"author":1,"featured_media":0,"parent":0,"menu_order":0,"comment_status":"closed","ping_status":"closed","template":"100-width.php","meta":{"footnotes":""},"class_list":["post-834","page","type-page","status-publish","hentry"],"_links":{"self":[{"href":"https:\/\/relaxed-germain.194-164-173-239.plesk.page\/aamaef\/wp-json\/wp\/v2\/pages\/834","targetHints":{"allow":["GET"]}}],"collection":[{"href":"https:\/\/relaxed-germain.194-164-173-239.plesk.page\/aamaef\/wp-json\/wp\/v2\/pages"}],"about":[{"href":"https:\/\/relaxed-germain.194-164-173-239.plesk.page\/aamaef\/wp-json\/wp\/v2\/types\/page"}],"author":[{"embeddable":true,"href":"https:\/\/relaxed-germain.194-164-173-239.plesk.page\/aamaef\/wp-json\/wp\/v2\/users\/1"}],"replies":[{"embeddable":true,"href":"https:\/\/relaxed-germain.194-164-173-239.plesk.page\/aamaef\/wp-json\/wp\/v2\/comments?post=834"}],"version-history":[{"count":8,"href":"https:\/\/relaxed-germain.194-164-173-239.plesk.page\/aamaef\/wp-json\/wp\/v2\/pages\/834\/revisions"}],"predecessor-version":[{"id":1514,"href":"https:\/\/relaxed-germain.194-164-173-239.plesk.page\/aamaef\/wp-json\/wp\/v2\/pages\/834\/revisions\/1514"}],"wp:attachment":[{"href":"https:\/\/relaxed-germain.194-164-173-239.plesk.page\/aamaef\/wp-json\/wp\/v2\/media?parent=834"}],"curies":[{"name":"wp","href":"https:\/\/api.w.org\/{rel}","templated":true}]}}